{"id":23,"date":"2024-01-17T12:24:34","date_gmt":"2024-01-17T11:24:34","guid":{"rendered":"https:\/\/www.barcelona-relocation.es\/?page_id=23"},"modified":"2024-04-19T18:16:49","modified_gmt":"2024-04-19T16:16:49","slug":"nous-contacter","status":"publish","type":"page","link":"https:\/\/www.barcelona-relocation.es\/fr\/nous-contacter\/","title":{"rendered":"Nous contacter"},"content":{"rendered":"\t\t<div data-elementor-type=\"wp-page\" data-elementor-id=\"23\" class=\"elementor elementor-23\" data-elementor-post-type=\"page\">\n\t\t\t\t\t\t<section data-particle_enable=\"false\" data-particle-mobile-disabled=\"false\" class=\"elementor-section elementor-top-section elementor-element elementor-element-f1c311f elementor-section-boxed elementor-section-height-default elementor-section-height-default\" data-id=\"f1c311f\" data-element_type=\"section\" data-e-type=\"section\" data-settings=\"{&quot;background_background&quot;:&quot;classic&quot;}\">\n\t\t\t\t\t\t\t<div class=\"elementor-background-overlay\"><\/div>\n\t\t\t\t\t\t\t<div class=\"elementor-container elementor-column-gap-default\">\n\t\t\t\t\t<div class=\"elementor-column elementor-col-100 elementor-top-column elementor-element elementor-element-1ac0f617\" data-id=\"1ac0f617\" data-element_type=\"column\" data-e-type=\"column\">\n\t\t\t<div class=\"elementor-widget-wrap elementor-element-populated\">\n\t\t\t\t\t\t<section data-particle_enable=\"false\" data-particle-mobile-disabled=\"false\" class=\"elementor-section elementor-inner-section elementor-element elementor-element-49ac8b62 elementor-section-boxed elementor-section-height-default elementor-section-height-default\" data-id=\"49ac8b62\" data-element_type=\"section\" data-e-type=\"section\">\n\t\t\t\t\t\t<div class=\"elementor-container elementor-column-gap-default\">\n\t\t\t\t\t<div class=\"elementor-column elementor-col-50 elementor-inner-column elementor-element elementor-element-65d5ae88\" data-id=\"65d5ae88\" data-element_type=\"column\" data-e-type=\"column\">\n\t\t\t<div class=\"elementor-widget-wrap elementor-element-populated\">\n\t\t\t\t\t\t<div class=\"elementor-element elementor-element-1044bae6 elementor-widget elementor-widget-spacer\" data-id=\"1044bae6\" data-element_type=\"widget\" data-e-type=\"widget\" data-widget_type=\"spacer.default\">\n\t\t\t\t<div class=\"elementor-widget-container\">\n\t\t\t\t\t\t\t<div class=\"elementor-spacer\">\n\t\t\t<div class=\"elementor-spacer-inner\"><\/div>\n\t\t<\/div>\n\t\t\t\t\t\t<\/div>\n\t\t\t\t<\/div>\n\t\t\t\t<div class=\"elementor-element elementor-element-58f92128 elementor-widget elementor-widget-spacer\" data-id=\"58f92128\" data-element_type=\"widget\" data-e-type=\"widget\" data-widget_type=\"spacer.default\">\n\t\t\t\t<div class=\"elementor-widget-container\">\n\t\t\t\t\t\t\t<div class=\"elementor-spacer\">\n\t\t\t<div class=\"elementor-spacer-inner\"><\/div>\n\t\t<\/div>\n\t\t\t\t\t\t<\/div>\n\t\t\t\t<\/div>\n\t\t\t\t\t<\/div>\n\t\t<\/div>\n\t\t\t\t<div class=\"elementor-column elementor-col-50 elementor-inner-column elementor-element elementor-element-7810c253\" data-id=\"7810c253\" data-element_type=\"column\" data-e-type=\"column\">\n\t\t\t<div class=\"elementor-widget-wrap\">\n\t\t\t\t\t\t\t<\/div>\n\t\t<\/div>\n\t\t\t\t\t<\/div>\n\t\t<\/section>\n\t\t\t\t\t<\/div>\n\t\t<\/div>\n\t\t\t\t\t<\/div>\n\t\t<\/section>\n\t\t\t\t<section data-particle_enable=\"false\" data-particle-mobile-disabled=\"false\" class=\"elementor-section elementor-top-section elementor-element elementor-element-32cb772b elementor-section-boxed elementor-section-height-default elementor-section-height-default\" data-id=\"32cb772b\" data-element_type=\"section\" data-e-type=\"section\">\n\t\t\t\t\t\t<div class=\"elementor-container elementor-column-gap-default\">\n\t\t\t\t\t<div class=\"elementor-column elementor-col-100 elementor-top-column elementor-element elementor-element-19eee590\" data-id=\"19eee590\" data-element_type=\"column\" data-e-type=\"column\">\n\t\t\t<div class=\"elementor-widget-wrap elementor-element-populated\">\n\t\t\t\t\t\t<section data-particle_enable=\"false\" data-particle-mobile-disabled=\"false\" class=\"elementor-section elementor-inner-section elementor-element elementor-element-24eda39e elementor-section-boxed elementor-section-height-default elementor-section-height-default\" data-id=\"24eda39e\" data-element_type=\"section\" data-e-type=\"section\">\n\t\t\t\t\t\t<div class=\"elementor-container elementor-column-gap-default\">\n\t\t\t\t\t<div class=\"elementor-column elementor-col-50 elementor-inner-column elementor-element elementor-element-117155b7\" data-id=\"117155b7\" data-element_type=\"column\" data-e-type=\"column\">\n\t\t\t<div class=\"elementor-widget-wrap elementor-element-populated\">\n\t\t\t\t\t\t<div class=\"elementor-element elementor-element-2808e918 elementor-widget elementor-widget-heading\" data-id=\"2808e918\" data-element_type=\"widget\" data-e-type=\"widget\" data-widget_type=\"heading.default\">\n\t\t\t\t<div class=\"elementor-widget-container\">\n\t\t\t\t\t<h6 class=\"elementor-heading-title elementor-size-default\">Contactez Relocation Barcelone pour un d\u00e9m\u00e9nagement sans Stress<\/h6>\t\t\t\t<\/div>\n\t\t\t\t<\/div>\n\t\t\t\t<div class=\"elementor-element elementor-element-798859ac elementor-view-default elementor-position-block-start elementor-mobile-position-block-start elementor-widget elementor-widget-icon-box\" data-id=\"798859ac\" data-element_type=\"widget\" data-e-type=\"widget\" data-widget_type=\"icon-box.default\">\n\t\t\t\t<div class=\"elementor-widget-container\">\n\t\t\t\t\t\t\t<div class=\"elementor-icon-box-wrapper\">\n\n\t\t\t\t\t\t<div class=\"elementor-icon-box-icon\">\n\t\t\t\t<a href=\"mailto:contact@relocation-lyon.net\" class=\"elementor-icon\" tabindex=\"-1\" aria-label=\"contact@relocation-lyon.net\">\n\t\t\t\t<svg aria-hidden=\"true\" class=\"e-font-icon-svg e-fas-envelope\" viewBox=\"0 0 512 512\" xmlns=\"http:\/\/www.w3.org\/2000\/svg\"><path d=\"M502.3 190.8c3.9-3.1 9.7-.2 9.7 4.7V400c0 26.5-21.5 48-48 48H48c-26.5 0-48-21.5-48-48V195.6c0-5 5.7-7.8 9.7-4.7 22.4 17.4 52.1 39.5 154.1 113.6 21.1 15.4 56.7 47.8 92.2 47.6 35.7.3 72-32.8 92.3-47.6 102-74.1 131.6-96.3 154-113.7zM256 320c23.2.4 56.6-29.2 73.4-41.4 132.7-96.3 142.8-104.7 173.4-128.7 5.8-4.5 9.2-11.5 9.2-18.9v-19c0-26.5-21.5-48-48-48H48C21.5 64 0 85.5 0 112v19c0 7.4 3.4 14.3 9.2 18.9 30.6 23.9 40.7 32.4 173.4 128.7 16.8 12.2 50.2 41.8 73.4 41.4z\"><\/path><\/svg>\t\t\t\t<\/a>\n\t\t\t<\/div>\n\t\t\t\n\t\t\t\t\t\t<div class=\"elementor-icon-box-content\">\n\n\t\t\t\t\t\t\t\t\t<h5 class=\"elementor-icon-box-title\">\n\t\t\t\t\t\t<a href=\"mailto:contact@relocation-lyon.net\" >\n\t\t\t\t\t\t\tcontact@relocation-lyon.net\t\t\t\t\t\t<\/a>\n\t\t\t\t\t<\/h5>\n\t\t\t\t\n\t\t\t\t\t\t\t\t\t<p class=\"elementor-icon-box-description\">\n\t\t\t\t\t\tContactez Relocation Barcelone. Notre \u00e9quipe est dispos\u00e9e \u00e0 discuter de votre projet de d\u00e9m\u00e9nagement Barcelone. Nous ferons en sorte que votre arriv\u00e9e dans la ville soit aussi agr\u00e9able que possible.\t\t\t\t\t<\/p>\n\t\t\t\t\n\t\t\t<\/div>\n\t\t\t\n\t\t<\/div>\n\t\t\t\t\t\t<\/div>\n\t\t\t\t<\/div>\n\t\t\t\t\t<\/div>\n\t\t<\/div>\n\t\t\t\t<div class=\"elementor-column elementor-col-50 elementor-inner-column elementor-element elementor-element-5a238e60\" data-id=\"5a238e60\" data-element_type=\"column\" data-e-type=\"column\">\n\t\t\t<div class=\"elementor-widget-wrap elementor-element-populated\">\n\t\t\t\t\t\t<div class=\"elementor-element elementor-element-7c25f0a1 elementor-widget elementor-widget-heading\" data-id=\"7c25f0a1\" data-element_type=\"widget\" data-e-type=\"widget\" data-widget_type=\"heading.default\">\n\t\t\t\t<div class=\"elementor-widget-container\">\n\t\t\t\t\t<div class=\"elementor-heading-title elementor-size-default\">Laissez nous un message<\/div>\t\t\t\t<\/div>\n\t\t\t\t<\/div>\n\t\t\t\t<div class=\"elementor-element elementor-element-fee9e7e elementor-button-align-stretch elementor-widget elementor-widget-form\" data-id=\"fee9e7e\" data-element_type=\"widget\" data-e-type=\"widget\" data-settings=\"{&quot;step_next_label&quot;:&quot;Suivant&quot;,&quot;step_previous_label&quot;:&quot;Pr\\u00e9c\\u00e9dent&quot;,&quot;button_width&quot;:&quot;100&quot;,&quot;step_type&quot;:&quot;number_text&quot;,&quot;step_icon_shape&quot;:&quot;circle&quot;}\" data-widget_type=\"form.default\">\n\t\t\t\t<div class=\"elementor-widget-container\">\n\t\t\t\t\t\t\t<form class=\"elementor-form\" method=\"post\" name=\"Nouveau formulaire\" aria-label=\"Nouveau formulaire\">\n\t\t\t<input type=\"hidden\" name=\"post_id\" value=\"23\"\/>\n\t\t\t<input type=\"hidden\" name=\"form_id\" value=\"fee9e7e\"\/>\n\t\t\t<input type=\"hidden\" name=\"referer_title\" value=\"Barcelona Relocation\" \/>\n\n\t\t\t\n\t\t\t<div class=\"elementor-form-fields-wrapper elementor-labels-\">\n\t\t\t\t\t\t\t\t<div class=\"elementor-field-type-text elementor-field-group elementor-column elementor-field-group-name elementor-col-100\">\n\t\t\t\t\t\t\t\t\t\t\t\t<label for=\"form-field-name\" class=\"elementor-field-label elementor-screen-only\">\n\t\t\t\t\t\t\t\tNom\t\t\t\t\t\t\t<\/label>\n\t\t\t\t\t\t\t\t\t\t\t\t\t\t<input size=\"1\" type=\"text\" name=\"form_fields[name]\" id=\"form-field-name\" class=\"elementor-field elementor-size-sm  elementor-field-textual\" placeholder=\"Nom\">\n\t\t\t\t\t\t\t\t\t\t\t<\/div>\n\t\t\t\t\t\t\t\t<div class=\"elementor-field-type-tel elementor-field-group elementor-column elementor-field-group-field_8ba70c5 elementor-col-100 elementor-field-required\">\n\t\t\t\t\t\t\t\t\t\t\t\t<label for=\"form-field-field_8ba70c5\" class=\"elementor-field-label elementor-screen-only\">\n\t\t\t\t\t\t\t\tT\u00e9l\u00e9phone\t\t\t\t\t\t\t<\/label>\n\t\t\t\t\t\t\t\t<input size=\"1\" type=\"tel\" name=\"form_fields[field_8ba70c5]\" id=\"form-field-field_8ba70c5\" class=\"elementor-field elementor-size-sm  elementor-field-textual\" placeholder=\"T\u00e9l\u00e9phone\" required=\"required\" pattern=\"[0-9()#&amp;+*-=.]+\" title=\"Seuls les caract\u00e8res de num\u00e9ros de t\u00e9l\u00e9phone (#, -, *, etc.) sont accept\u00e9s.\">\n\n\t\t\t\t\t\t<\/div>\n\t\t\t\t\t\t\t\t<div class=\"elementor-field-type-email elementor-field-group elementor-column elementor-field-group-email elementor-col-100 elementor-field-required\">\n\t\t\t\t\t\t\t\t\t\t\t\t<label for=\"form-field-email\" class=\"elementor-field-label elementor-screen-only\">\n\t\t\t\t\t\t\t\tE-mail\t\t\t\t\t\t\t<\/label>\n\t\t\t\t\t\t\t\t\t\t\t\t\t\t<input size=\"1\" type=\"email\" name=\"form_fields[email]\" id=\"form-field-email\" class=\"elementor-field elementor-size-sm  elementor-field-textual\" placeholder=\"E-mail\" required=\"required\">\n\t\t\t\t\t\t\t\t\t\t\t<\/div>\n\t\t\t\t\t\t\t\t<div class=\"elementor-field-type-textarea elementor-field-group elementor-column elementor-field-group-message elementor-col-100\">\n\t\t\t\t\t\t\t\t\t\t\t\t<label for=\"form-field-message\" class=\"elementor-field-label elementor-screen-only\">\n\t\t\t\t\t\t\t\tMessage\t\t\t\t\t\t\t<\/label>\n\t\t\t\t\t\t<textarea class=\"elementor-field-textual elementor-field  elementor-size-sm\" name=\"form_fields[message]\" id=\"form-field-message\" rows=\"4\" placeholder=\"Message\"><\/textarea>\t\t\t\t<\/div>\n\t\t\t\t\t\t\t\t<div class=\"elementor-field-type-recaptcha_v3 elementor-field-group elementor-column elementor-field-group-field_cdd9e41 elementor-col-100 recaptcha_v3-bottomright\">\n\t\t\t\t\t<div class=\"elementor-field\" id=\"form-field-field_cdd9e41\"><div class=\"elementor-g-recaptcha\" data-sitekey=\"6LcCn7IUAAAAAO-bT87id4baFWat5bfDuHnkvcKe\" data-type=\"v3\" data-action=\"Form\" data-badge=\"bottomright\" data-size=\"invisible\"><\/div><\/div>\t\t\t\t<\/div>\n\t\t\t\t\t\t\t\t<div class=\"elementor-field-group elementor-column elementor-field-type-submit elementor-col-100 e-form__buttons\">\n\t\t\t\t\t<button class=\"elementor-button elementor-size-sm\" type=\"submit\">\n\t\t\t\t\t\t<span class=\"elementor-button-content-wrapper\">\n\t\t\t\t\t\t\t\t\t\t\t\t\t\t\t\t\t\t\t\t\t\t<span class=\"elementor-button-text\">Envoyer<\/span>\n\t\t\t\t\t\t\t\t\t\t\t\t\t<\/span>\n\t\t\t\t\t<\/button>\n\t\t\t\t<\/div>\n\t\t\t<\/div>\n\t\t<\/form>\n\t\t\t\t\t\t<\/div>\n\t\t\t\t<\/div>\n\t\t\t\t<div class=\"elementor-element elementor-element-38bd332d elementor-widget elementor-widget-spacer\" data-id=\"38bd332d\" data-element_type=\"widget\" data-e-type=\"widget\" data-widget_type=\"spacer.default\">\n\t\t\t\t<div class=\"elementor-widget-container\">\n\t\t\t\t\t\t\t<div class=\"elementor-spacer\">\n\t\t\t<div class=\"elementor-spacer-inner\"><\/div>\n\t\t<\/div>\n\t\t\t\t\t\t<\/div>\n\t\t\t\t<\/div>\n\t\t\t\t\t<\/div>\n\t\t<\/div>\n\t\t\t\t\t<\/div>\n\t\t<\/section>\n\t\t\t\t\t<\/div>\n\t\t<\/div>\n\t\t\t\t\t<\/div>\n\t\t<\/section>\n\t\t\t\t<\/div>\n\t\t","protected":false},"excerpt":{"rendered":"<p>Contactez Relocation Barcelone pour un d\u00e9m\u00e9nagement sans Stress contact@relocation-lyon.net Contactez Relocation Barcelone. Notre \u00e9quipe est dispos\u00e9e \u00e0 discuter de votre projet de d\u00e9m\u00e9nagement Barcelone. Nous ferons en sorte que votre arriv\u00e9e dans la ville soit aussi agr\u00e9able que possible. Laissez nous un message<\/p>\n","protected":false},"author":1,"featured_media":0,"parent":0,"menu_order":0,"comment_status":"closed","ping_status":"closed","template":"elementor_header_footer","meta":{"footnotes":""},"class_list":["post-23","page","type-page","status-publish","hentry"],"yoast_head":"<!-- This site is optimized with the Yoast SEO plugin v27.4 - https:\/\/yoast.com\/product\/yoast-seo-wordpress\/ -->\n<title>Contacter Barcelona Relocation<\/title>\n<meta name=\"description\" content=\"Contactez-nous pour obtenir des devis rapidement pour votre projet de venir vivre \u00e0 Barcelone : Recherche de logement \u00e0 Barcelone, recherche d&#039;\u00e9cole \u00e0 Barcelone, recherche de d\u00e9m\u00e9nageurs \u00e0 Barcelone\" \/>\n<meta name=\"robots\" content=\"index, follow, max-snippet:-1, max-image-preview:large, max-video-preview:-1\" \/>\n<link rel=\"canonical\" href=\"https:\/\/www.barcelona-relocation.es\/fr\/nous-contacter\/\" \/>\n<meta property=\"og:locale\" content=\"fr_FR\" \/>\n<meta property=\"og:type\" content=\"article\" \/>\n<meta property=\"og:title\" content=\"Contacter Barcelona Relocation\" \/>\n<meta property=\"og:description\" content=\"Contactez-nous pour obtenir des devis rapidement pour votre projet de venir vivre \u00e0 Barcelone : Recherche de logement \u00e0 Barcelone, recherche d&#039;\u00e9cole \u00e0 Barcelone, recherche de d\u00e9m\u00e9nageurs \u00e0 Barcelone\" \/>\n<meta property=\"og:url\" content=\"https:\/\/www.barcelona-relocation.es\/fr\/nous-contacter\/\" \/>\n<meta property=\"og:site_name\" content=\"Barcelona Relocation\" \/>\n<meta property=\"article:modified_time\" content=\"2024-04-19T16:16:49+00:00\" \/>\n<meta name=\"twitter:card\" content=\"summary_large_image\" \/>\n<meta name=\"twitter:label1\" content=\"Dur\u00e9e de lecture estim\u00e9e\" \/>\n\t<meta name=\"twitter:data1\" content=\"1 minute\" \/>\n<script type=\"application\/ld+json\" class=\"yoast-schema-graph\">{\"@context\":\"https:\\\/\\\/schema.org\",\"@graph\":[{\"@type\":\"WebPage\",\"@id\":\"https:\\\/\\\/www.barcelona-relocation.es\\\/fr\\\/nous-contacter\\\/\",\"url\":\"https:\\\/\\\/www.barcelona-relocation.es\\\/fr\\\/nous-contacter\\\/\",\"name\":\"Contacter Barcelona Relocation\",\"isPartOf\":{\"@id\":\"https:\\\/\\\/www.barcelona-relocation.es\\\/fr\\\/#website\"},\"datePublished\":\"2024-01-17T11:24:34+00:00\",\"dateModified\":\"2024-04-19T16:16:49+00:00\",\"description\":\"Contactez-nous pour obtenir des devis rapidement pour votre projet de venir vivre \u00e0 Barcelone : Recherche de logement \u00e0 Barcelone, recherche d'\u00e9cole \u00e0 Barcelone, recherche de d\u00e9m\u00e9nageurs \u00e0 Barcelone\",\"inLanguage\":\"fr-FR\",\"potentialAction\":[{\"@type\":\"ReadAction\",\"target\":[\"https:\\\/\\\/www.barcelona-relocation.es\\\/fr\\\/nous-contacter\\\/\"]}]},{\"@type\":\"WebSite\",\"@id\":\"https:\\\/\\\/www.barcelona-relocation.es\\\/fr\\\/#website\",\"url\":\"https:\\\/\\\/www.barcelona-relocation.es\\\/fr\\\/\",\"name\":\"Barcelona Relocation\",\"description\":\"Experts de la relocation France \u2013 Barcelone\",\"publisher\":{\"@id\":\"https:\\\/\\\/www.barcelona-relocation.es\\\/fr\\\/#organization\"},\"potentialAction\":[{\"@type\":\"SearchAction\",\"target\":{\"@type\":\"EntryPoint\",\"urlTemplate\":\"https:\\\/\\\/www.barcelona-relocation.es\\\/fr\\\/?s={search_term_string}\"},\"query-input\":{\"@type\":\"PropertyValueSpecification\",\"valueRequired\":true,\"valueName\":\"search_term_string\"}}],\"inLanguage\":\"fr-FR\"},{\"@type\":\"Organization\",\"@id\":\"https:\\\/\\\/www.barcelona-relocation.es\\\/fr\\\/#organization\",\"name\":\"Barcelona Relocation\",\"url\":\"https:\\\/\\\/www.barcelona-relocation.es\\\/fr\\\/\",\"logo\":{\"@type\":\"ImageObject\",\"inLanguage\":\"fr-FR\",\"@id\":\"https:\\\/\\\/www.barcelona-relocation.es\\\/fr\\\/#\\\/schema\\\/logo\\\/image\\\/\",\"url\":\"https:\\\/\\\/www.barcelona-relocation.es\\\/wp-content\\\/uploads\\\/2024\\\/06\\\/imgpsh_fullsize_anim-85.png\",\"contentUrl\":\"https:\\\/\\\/www.barcelona-relocation.es\\\/wp-content\\\/uploads\\\/2024\\\/06\\\/imgpsh_fullsize_anim-85.png\",\"width\":461,\"height\":301,\"caption\":\"Barcelona Relocation\"},\"image\":{\"@id\":\"https:\\\/\\\/www.barcelona-relocation.es\\\/fr\\\/#\\\/schema\\\/logo\\\/image\\\/\"}}]}<\/script>\n<!-- \/ Yoast SEO plugin. -->","yoast_head_json":{"title":"Contacter Barcelona Relocation","description":"Contactez-nous pour obtenir des devis rapidement pour votre projet de venir vivre \u00e0 Barcelone : Recherche de logement \u00e0 Barcelone, recherche d'\u00e9cole \u00e0 Barcelone, recherche de d\u00e9m\u00e9nageurs \u00e0 Barcelone","robots":{"index":"index","follow":"follow","max-snippet":"max-snippet:-1","max-image-preview":"max-image-preview:large","max-video-preview":"max-video-preview:-1"},"canonical":"https:\/\/www.barcelona-relocation.es\/fr\/nous-contacter\/","og_locale":"fr_FR","og_type":"article","og_title":"Contacter Barcelona Relocation","og_description":"Contactez-nous pour obtenir des devis rapidement pour votre projet de venir vivre \u00e0 Barcelone : Recherche de logement \u00e0 Barcelone, recherche d'\u00e9cole \u00e0 Barcelone, recherche de d\u00e9m\u00e9nageurs \u00e0 Barcelone","og_url":"https:\/\/www.barcelona-relocation.es\/fr\/nous-contacter\/","og_site_name":"Barcelona Relocation","article_modified_time":"2024-04-19T16:16:49+00:00","twitter_card":"summary_large_image","twitter_misc":{"Dur\u00e9e de lecture estim\u00e9e":"1 minute"},"schema":{"@context":"https:\/\/schema.org","@graph":[{"@type":"WebPage","@id":"https:\/\/www.barcelona-relocation.es\/fr\/nous-contacter\/","url":"https:\/\/www.barcelona-relocation.es\/fr\/nous-contacter\/","name":"Contacter Barcelona Relocation","isPartOf":{"@id":"https:\/\/www.barcelona-relocation.es\/fr\/#website"},"datePublished":"2024-01-17T11:24:34+00:00","dateModified":"2024-04-19T16:16:49+00:00","description":"Contactez-nous pour obtenir des devis rapidement pour votre projet de venir vivre \u00e0 Barcelone : Recherche de logement \u00e0 Barcelone, recherche d'\u00e9cole \u00e0 Barcelone, recherche de d\u00e9m\u00e9nageurs \u00e0 Barcelone","inLanguage":"fr-FR","potentialAction":[{"@type":"ReadAction","target":["https:\/\/www.barcelona-relocation.es\/fr\/nous-contacter\/"]}]},{"@type":"WebSite","@id":"https:\/\/www.barcelona-relocation.es\/fr\/#website","url":"https:\/\/www.barcelona-relocation.es\/fr\/","name":"Barcelona Relocation","description":"Experts de la relocation France \u2013 Barcelone","publisher":{"@id":"https:\/\/www.barcelona-relocation.es\/fr\/#organization"},"potentialAction":[{"@type":"SearchAction","target":{"@type":"EntryPoint","urlTemplate":"https:\/\/www.barcelona-relocation.es\/fr\/?s={search_term_string}"},"query-input":{"@type":"PropertyValueSpecification","valueRequired":true,"valueName":"search_term_string"}}],"inLanguage":"fr-FR"},{"@type":"Organization","@id":"https:\/\/www.barcelona-relocation.es\/fr\/#organization","name":"Barcelona Relocation","url":"https:\/\/www.barcelona-relocation.es\/fr\/","logo":{"@type":"ImageObject","inLanguage":"fr-FR","@id":"https:\/\/www.barcelona-relocation.es\/fr\/#\/schema\/logo\/image\/","url":"https:\/\/www.barcelona-relocation.es\/wp-content\/uploads\/2024\/06\/imgpsh_fullsize_anim-85.png","contentUrl":"https:\/\/www.barcelona-relocation.es\/wp-content\/uploads\/2024\/06\/imgpsh_fullsize_anim-85.png","width":461,"height":301,"caption":"Barcelona Relocation"},"image":{"@id":"https:\/\/www.barcelona-relocation.es\/fr\/#\/schema\/logo\/image\/"}}]}},"_links":{"self":[{"href":"https:\/\/www.barcelona-relocation.es\/fr\/wp-json\/wp\/v2\/pages\/23","targetHints":{"allow":["GET"]}}],"collection":[{"href":"https:\/\/www.barcelona-relocation.es\/fr\/wp-json\/wp\/v2\/pages"}],"about":[{"href":"https:\/\/www.barcelona-relocation.es\/fr\/wp-json\/wp\/v2\/types\/page"}],"author":[{"embeddable":true,"href":"https:\/\/www.barcelona-relocation.es\/fr\/wp-json\/wp\/v2\/users\/1"}],"replies":[{"embeddable":true,"href":"https:\/\/www.barcelona-relocation.es\/fr\/wp-json\/wp\/v2\/comments?post=23"}],"version-history":[{"count":13,"href":"https:\/\/www.barcelona-relocation.es\/fr\/wp-json\/wp\/v2\/pages\/23\/revisions"}],"predecessor-version":[{"id":986,"href":"https:\/\/www.barcelona-relocation.es\/fr\/wp-json\/wp\/v2\/pages\/23\/revisions\/986"}],"wp:attachment":[{"href":"https:\/\/www.barcelona-relocation.es\/fr\/wp-json\/wp\/v2\/media?parent=23"}],"curies":[{"name":"wp","href":"https:\/\/api.w.org\/{rel}","templated":true}]}}