{"id":530,"date":"2024-01-17T12:24:18","date_gmt":"2024-01-17T11:24:18","guid":{"rendered":"https:\/\/www.barcelona-relocation.es\/mentions-legales\/"},"modified":"2024-03-11T15:36:57","modified_gmt":"2024-03-11T14:36:57","slug":"legal-information","status":"publish","type":"page","link":"https:\/\/www.barcelona-relocation.es\/en\/legal-information\/","title":{"rendered":"Legal information"},"content":{"rendered":"\t\t<div data-elementor-type=\"wp-page\" data-elementor-id=\"530\" class=\"elementor elementor-530 elementor-21\" data-elementor-post-type=\"page\">\n\t\t\t\t\t\t<section data-particle_enable=\"false\" data-particle-mobile-disabled=\"false\" class=\"elementor-section elementor-top-section elementor-element elementor-element-45d31d54 elementor-section-boxed elementor-section-height-default elementor-section-height-default\" data-id=\"45d31d54\" data-element_type=\"section\" data-e-type=\"section\" data-settings=\"{&quot;background_background&quot;:&quot;classic&quot;}\">\n\t\t\t\t\t\t\t<div class=\"elementor-background-overlay\"><\/div>\n\t\t\t\t\t\t\t<div class=\"elementor-container elementor-column-gap-default\">\n\t\t\t\t\t<div class=\"elementor-column elementor-col-100 elementor-top-column elementor-element elementor-element-bf95718\" data-id=\"bf95718\" data-element_type=\"column\" data-e-type=\"column\">\n\t\t\t<div class=\"elementor-widget-wrap elementor-element-populated\">\n\t\t\t\t\t\t<section data-particle_enable=\"false\" data-particle-mobile-disabled=\"false\" class=\"elementor-section elementor-inner-section elementor-element elementor-element-4c1ddfe4 elementor-section-boxed elementor-section-height-default elementor-section-height-default\" data-id=\"4c1ddfe4\" data-element_type=\"section\" data-e-type=\"section\">\n\t\t\t\t\t\t<div class=\"elementor-container elementor-column-gap-default\">\n\t\t\t\t\t<div class=\"elementor-column elementor-col-50 elementor-inner-column elementor-element elementor-element-491bf70e\" data-id=\"491bf70e\" data-element_type=\"column\" data-e-type=\"column\">\n\t\t\t<div class=\"elementor-widget-wrap elementor-element-populated\">\n\t\t\t\t\t\t\t<\/div>\n\t\t<\/div>\n\t\t\t\t<div class=\"elementor-column elementor-col-50 elementor-inner-column elementor-element elementor-element-3e0c1904\" data-id=\"3e0c1904\" data-element_type=\"column\" data-e-type=\"column\">\n\t\t\t<div class=\"elementor-widget-wrap\">\n\t\t\t\t\t\t\t<\/div>\n\t\t<\/div>\n\t\t\t\t\t<\/div>\n\t\t<\/section>\n\t\t\t\t\t<\/div>\n\t\t<\/div>\n\t\t\t\t\t<\/div>\n\t\t<\/section>\n\t\t\t\t<section data-particle_enable=\"false\" data-particle-mobile-disabled=\"false\" class=\"elementor-section elementor-top-section elementor-element elementor-element-3986272 elementor-section-boxed elementor-section-height-default elementor-section-height-default\" data-id=\"3986272\" data-element_type=\"section\" data-e-type=\"section\">\n\t\t\t\t\t\t<div class=\"elementor-container elementor-column-gap-default\">\n\t\t\t\t\t<div class=\"elementor-column elementor-col-100 elementor-top-column elementor-element elementor-element-204a53c\" data-id=\"204a53c\" data-element_type=\"column\" data-e-type=\"column\">\n\t\t\t<div class=\"elementor-widget-wrap elementor-element-populated\">\n\t\t\t\t\t\t<div class=\"elementor-element elementor-element-a3b24d7 elementor-widget elementor-widget-text-editor\" data-id=\"a3b24d7\" data-element_type=\"widget\" data-e-type=\"widget\" data-widget_type=\"text-editor.default\">\n\t\t\t\t<div class=\"elementor-widget-container\">\n\t\t\t\t\t\t\t\t\t<p>Conform\u00e9ment aux dispositions des articles 6-III et 19 de la Loi n\u00b0 2004-575 du 21 juin 2004 pour la Confiance dans l\u2019\u00e9conomie num\u00e9rique, dite L.C.E.N., nous portons \u00e0 la connaissance des utilisateurs et visiteurs du site https:\/\/www.fr\/ les informations suivantes :<\/p><p>Pr\u00e9sentation du site internet de l\u2019entreprise<\/p><p>Statut du propri\u00e9taire : Soci\u00e9t\u00e9<\/p><p>Nom de la Soci\u00e9t\u00e9 : Relocation Barcelona<\/p><p>Adresse: C\/ de Calvet, Sarri\u00e0-Sant Gervasi, 08021 Barcelona, Espagne<\/p><p>Contact : contact@relocation-lyon.net<\/p><p>H\u00e9bergement : OVH SAS : 2 rue Kellermann \u2013 BP 80157 59053 ROUBAIX CEDEX 1<\/p><p>Le responsable de la publication est une personne physique.<\/p><p>Conditions d\u2019utilisation<\/p><p>L\u2019utilisation du site implique l\u2019acceptation pleine et enti\u00e8re des conditions g\u00e9n\u00e9rales d\u2019utilisation ci-apr\u00e8s d\u00e9crites. Ces conditions d\u2019utilisation sont susceptibles d\u2019\u00eatre modifi\u00e9es ou compl\u00e9t\u00e9es \u00e0 tout moment, les utilisateurs du site sont donc invit\u00e9s \u00e0 les consulter de mani\u00e8re r\u00e9guli\u00e8re. Le site est mis \u00e0 jour r\u00e9guli\u00e8rement par Relocation Lyon. De la m\u00eame fa\u00e7on, les mentions l\u00e9gales peuvent \u00eatre modifi\u00e9es \u00e0 tout moment : elles s\u2019imposent n\u00e9anmoins \u00e0 l\u2019utilisateur qui est invit\u00e9 \u00e0 s\u2019y r\u00e9f\u00e9rer le plus souvent possible afin d\u2019en prendre connaissance.<\/p><p>Description des services fournis<\/p><p>Le site https:\/\/www.relocation-lyon.net\/ a pour objet de fournir une information concernant l\u2019ensemble des activit\u00e9s de la soci\u00e9t\u00e9. Le propri\u00e9taire du site s\u2019efforce de fournir sur le site https:\/\/www.relocation-lyon.net\/ des informations aussi pr\u00e9cises que possible. Toutefois, il ne pourra \u00eatre tenu responsable des omissions, des inexactitudes et des carences dans la mise \u00e0 jour, qu\u2019elles soient de son fait ou du fait des tiers partenaires qui lui fournissent ces informations. Toutes les informations propos\u00e9es sur le site https:\/\/www.relocation-lyon.net\/ sont donn\u00e9es \u00e0 titre indicatif et commercial, sont non exhaustives, et sont susceptibles d\u2019\u00e9voluer. Elles sont donn\u00e9es sous r\u00e9serve de modifications ayant \u00e9t\u00e9 apport\u00e9es depuis leur mise en ligne.<\/p><p>Droits et propri\u00e9t\u00e9<\/p><p>Les textes, photographies, slogans, dessins, images, logos, cartographies, s\u00e9quences anim\u00e9es ainsi que toutes \u0153uvres int\u00e9gr\u00e9es en g\u00e9n\u00e9ral dans le site sont la propri\u00e9t\u00e9 de la soci\u00e9t\u00e9 Relocation Lyon de tiers l\u2019ayant autoris\u00e9e \u00e0 les utiliser. Aux termes de l\u2019article L. 122-5, 2\u00b0 et 3\u00b0 a) du Code de la propri\u00e9t\u00e9 intellectuelle, ne sont autoris\u00e9es que les \u00ab copies ou reproductions strictement r\u00e9serv\u00e9es \u00e0 l\u2019usage priv\u00e9 du copiste et non destin\u00e9es \u00e0 une utilisation collective \u00bb et les analyses et courtes citations dans un but d\u2019exemple ou d\u2019illustration. Ainsi, \u00ab toute repr\u00e9sentation ou reproduction int\u00e9grale ou partielle amateure ou professionnelle faite sans le consentement de l\u2019auteur ou de ses ayants droit ou ayants cause est illicite \u00bb (art. L. 122-4). Une telle repr\u00e9sentation ou reproduction, par quelque proc\u00e9d\u00e9 que ce soit, constituerait une contrefa\u00e7on sanctionn\u00e9e par les articles L. 335-2 et suivants du Code de la propri\u00e9t\u00e9 intellectuelle.<\/p><p>Contenu du site<\/p><p>Les informations diffus\u00e9es sur ce site ne sont fournies qu\u2019\u00e0 titre indicatif et ne rev\u00eatent aucun caract\u00e8re contractuel obligatoire. Nous ne pouvons en effet garantir l\u2019absolue exactitude, la pr\u00e9cision, la mise \u00e0 jour ou l\u2019exhaustivit\u00e9 des informations mises \u00e0 disposition sur ce site.<\/p><p>Liens hypertextes et cookies<\/p><p>Nous ne pouvons en aucun cas \u00eatre tenu pour responsable du contenu, des produits, des services, etc\u2026, des sites qui font l\u2019objet d\u2019un lien hypertexte \u00e0 partir du site https:\/\/www.relocation-lyon.net\/. La navigation sur le site https:\/\/www.relocation-lyon.net\/ est susceptible de provoquer l\u2019installation de cookie(s) sur l\u2019ordinateur de l\u2019utilisateur. Un cookie est un fichier de petite taille, qui ne permet pas l\u2019identification de l\u2019utilisateur, mais qui enregistre des informations relatives \u00e0 la navigation d\u2019un ordinateur sur un site. Les donn\u00e9es ainsi obtenues visent \u00e0 faciliter la navigation ult\u00e9rieure sur le site, et ont \u00e9galement vocation \u00e0 permettre diverses mesures de fr\u00e9quentation. Il n\u2019y a pas d\u2019obligation \u00e0 accepter cette installation de cookies.<\/p><p>Limitation de responsabilit\u00e9<\/p><p>L\u2019internaute utilise le site \u00e0 ses seuls risques. En aucun cas, nous ne pourrons \u00eatre tenus responsables des dommages directs ou indirects, et notamment du pr\u00e9judice mat\u00e9riel, de la perte de donn\u00e9es ou de programme, du pr\u00e9judice financier, r\u00e9sultant de l\u2019acc\u00e8s ou de l\u2019utilisation de ce site ou de tous sites qui lui sont li\u00e9s. Le contenu du site est pr\u00e9sent\u00e9 sans aucune garantie ou assurance de quelque nature que ce soit. L\u2019acc\u00e8s aux services pr\u00e9sent\u00e9s sur le site peut faire l\u2019objet de restrictions et modifications.<\/p><p>Respect l\u00e9gal<\/p><p>Conform\u00e9ment \u00e0 la Loi Informatique et Libert\u00e9s du 6 janvier 1978, vous disposez d\u2019un droit d\u2019acc\u00e8s et de rectification aux donn\u00e9es personnelles vous concernant. Si vous souhaitez exercer ce droit, il vous suffit de prendre contact avec le directeur de la publication mentionn\u00e9 ci-dessus. Dans un souci de confidentialit\u00e9, nous nous engageons \u00e0 ne divulguer aucune information que nous sommes amen\u00e9s \u00e0 d\u00e9tenir sur nos visiteurs, aupr\u00e8s de qui que ce soit.<\/p>\t\t\t\t\t\t\t\t<\/div>\n\t\t\t\t<\/div>\n\t\t\t\t\t<\/div>\n\t\t<\/div>\n\t\t\t\t\t<\/div>\n\t\t<\/section>\n\t\t\t\t<\/div>\n\t\t","protected":false},"excerpt":{"rendered":"<p>Conform\u00e9ment aux dispositions des articles 6-III et 19 de la Loi n\u00b0 2004-575 du 21 juin 2004 pour la Confiance dans l\u2019\u00e9conomie num\u00e9rique, dite L.C.E.N., nous portons \u00e0 la connaissance des utilisateurs et visiteurs du site https:\/\/www.fr\/ les informations suivantes : Pr\u00e9sentation du site internet de l\u2019entreprise Statut du propri\u00e9taire : Soci\u00e9t\u00e9 Nom de la [&hellip;]<\/p>\n","protected":false},"author":1,"featured_media":0,"parent":0,"menu_order":0,"comment_status":"closed","ping_status":"closed","template":"elementor_header_footer","meta":{"footnotes":""},"class_list":["post-530","page","type-page","status-publish","hentry"],"yoast_head":"<!-- This site is optimized with the Yoast SEO plugin v27.5 - https:\/\/yoast.com\/product\/yoast-seo-wordpress\/ -->\n<title>Legal information<\/title>\n<meta name=\"robots\" content=\"index, follow, max-snippet:-1, max-image-preview:large, max-video-preview:-1\" \/>\n<link rel=\"canonical\" href=\"https:\/\/www.barcelona-relocation.es\/en\/legal-information\/\" \/>\n<meta property=\"og:locale\" content=\"en_US\" \/>\n<meta property=\"og:type\" content=\"article\" \/>\n<meta property=\"og:title\" content=\"Legal information\" \/>\n<meta property=\"og:description\" content=\"Conform\u00e9ment aux dispositions des articles 6-III et 19 de la Loi n\u00b0 2004-575 du 21 juin 2004 pour la Confiance dans l\u2019\u00e9conomie num\u00e9rique, dite L.C.E.N., nous portons \u00e0 la connaissance des utilisateurs et visiteurs du site https:\/\/www.fr\/ les informations suivantes : Pr\u00e9sentation du site internet de l\u2019entreprise Statut du propri\u00e9taire : Soci\u00e9t\u00e9 Nom de la [&hellip;]\" \/>\n<meta property=\"og:url\" content=\"https:\/\/www.barcelona-relocation.es\/en\/legal-information\/\" \/>\n<meta property=\"og:site_name\" content=\"Barcelona Relocation\" \/>\n<meta property=\"article:modified_time\" content=\"2024-03-11T14:36:57+00:00\" \/>\n<meta name=\"twitter:card\" content=\"summary_large_image\" \/>\n<meta name=\"twitter:label1\" content=\"Est. reading time\" \/>\n\t<meta name=\"twitter:data1\" content=\"4 minutes\" \/>\n<script type=\"application\/ld+json\" class=\"yoast-schema-graph\">{\"@context\":\"https:\\\/\\\/schema.org\",\"@graph\":[{\"@type\":\"WebPage\",\"@id\":\"https:\\\/\\\/www.barcelona-relocation.es\\\/en\\\/legal-information\\\/\",\"url\":\"https:\\\/\\\/www.barcelona-relocation.es\\\/en\\\/legal-information\\\/\",\"name\":\"Legal information\",\"isPartOf\":{\"@id\":\"https:\\\/\\\/www.barcelona-relocation.es\\\/en\\\/#website\"},\"datePublished\":\"2024-01-17T11:24:18+00:00\",\"dateModified\":\"2024-03-11T14:36:57+00:00\",\"inLanguage\":\"en-US\",\"potentialAction\":[{\"@type\":\"ReadAction\",\"target\":[\"https:\\\/\\\/www.barcelona-relocation.es\\\/en\\\/legal-information\\\/\"]}]},{\"@type\":\"WebSite\",\"@id\":\"https:\\\/\\\/www.barcelona-relocation.es\\\/en\\\/#website\",\"url\":\"https:\\\/\\\/www.barcelona-relocation.es\\\/en\\\/\",\"name\":\"Barcelona Relocation\",\"description\":\"Experts de la relocation France \u2013 Barcelone\",\"publisher\":{\"@id\":\"https:\\\/\\\/www.barcelona-relocation.es\\\/en\\\/#organization\"},\"potentialAction\":[{\"@type\":\"SearchAction\",\"target\":{\"@type\":\"EntryPoint\",\"urlTemplate\":\"https:\\\/\\\/www.barcelona-relocation.es\\\/en\\\/?s={search_term_string}\"},\"query-input\":{\"@type\":\"PropertyValueSpecification\",\"valueRequired\":true,\"valueName\":\"search_term_string\"}}],\"inLanguage\":\"en-US\"},{\"@type\":\"Organization\",\"@id\":\"https:\\\/\\\/www.barcelona-relocation.es\\\/en\\\/#organization\",\"name\":\"Barcelona Relocation\",\"url\":\"https:\\\/\\\/www.barcelona-relocation.es\\\/en\\\/\",\"logo\":{\"@type\":\"ImageObject\",\"inLanguage\":\"en-US\",\"@id\":\"https:\\\/\\\/www.barcelona-relocation.es\\\/en\\\/#\\\/schema\\\/logo\\\/image\\\/\",\"url\":\"https:\\\/\\\/www.barcelona-relocation.es\\\/wp-content\\\/uploads\\\/2024\\\/06\\\/imgpsh_fullsize_anim-85.png\",\"contentUrl\":\"https:\\\/\\\/www.barcelona-relocation.es\\\/wp-content\\\/uploads\\\/2024\\\/06\\\/imgpsh_fullsize_anim-85.png\",\"width\":461,\"height\":301,\"caption\":\"Barcelona Relocation\"},\"image\":{\"@id\":\"https:\\\/\\\/www.barcelona-relocation.es\\\/en\\\/#\\\/schema\\\/logo\\\/image\\\/\"}}]}<\/script>\n<!-- \/ Yoast SEO plugin. -->","yoast_head_json":{"title":"Legal information","robots":{"index":"index","follow":"follow","max-snippet":"max-snippet:-1","max-image-preview":"max-image-preview:large","max-video-preview":"max-video-preview:-1"},"canonical":"https:\/\/www.barcelona-relocation.es\/en\/legal-information\/","og_locale":"en_US","og_type":"article","og_title":"Legal information","og_description":"Conform\u00e9ment aux dispositions des articles 6-III et 19 de la Loi n\u00b0 2004-575 du 21 juin 2004 pour la Confiance dans l\u2019\u00e9conomie num\u00e9rique, dite L.C.E.N., nous portons \u00e0 la connaissance des utilisateurs et visiteurs du site https:\/\/www.fr\/ les informations suivantes : Pr\u00e9sentation du site internet de l\u2019entreprise Statut du propri\u00e9taire : Soci\u00e9t\u00e9 Nom de la [&hellip;]","og_url":"https:\/\/www.barcelona-relocation.es\/en\/legal-information\/","og_site_name":"Barcelona Relocation","article_modified_time":"2024-03-11T14:36:57+00:00","twitter_card":"summary_large_image","twitter_misc":{"Est. reading time":"4 minutes"},"schema":{"@context":"https:\/\/schema.org","@graph":[{"@type":"WebPage","@id":"https:\/\/www.barcelona-relocation.es\/en\/legal-information\/","url":"https:\/\/www.barcelona-relocation.es\/en\/legal-information\/","name":"Legal information","isPartOf":{"@id":"https:\/\/www.barcelona-relocation.es\/en\/#website"},"datePublished":"2024-01-17T11:24:18+00:00","dateModified":"2024-03-11T14:36:57+00:00","inLanguage":"en-US","potentialAction":[{"@type":"ReadAction","target":["https:\/\/www.barcelona-relocation.es\/en\/legal-information\/"]}]},{"@type":"WebSite","@id":"https:\/\/www.barcelona-relocation.es\/en\/#website","url":"https:\/\/www.barcelona-relocation.es\/en\/","name":"Barcelona Relocation","description":"Experts de la relocation France \u2013 Barcelone","publisher":{"@id":"https:\/\/www.barcelona-relocation.es\/en\/#organization"},"potentialAction":[{"@type":"SearchAction","target":{"@type":"EntryPoint","urlTemplate":"https:\/\/www.barcelona-relocation.es\/en\/?s={search_term_string}"},"query-input":{"@type":"PropertyValueSpecification","valueRequired":true,"valueName":"search_term_string"}}],"inLanguage":"en-US"},{"@type":"Organization","@id":"https:\/\/www.barcelona-relocation.es\/en\/#organization","name":"Barcelona Relocation","url":"https:\/\/www.barcelona-relocation.es\/en\/","logo":{"@type":"ImageObject","inLanguage":"en-US","@id":"https:\/\/www.barcelona-relocation.es\/en\/#\/schema\/logo\/image\/","url":"https:\/\/www.barcelona-relocation.es\/wp-content\/uploads\/2024\/06\/imgpsh_fullsize_anim-85.png","contentUrl":"https:\/\/www.barcelona-relocation.es\/wp-content\/uploads\/2024\/06\/imgpsh_fullsize_anim-85.png","width":461,"height":301,"caption":"Barcelona Relocation"},"image":{"@id":"https:\/\/www.barcelona-relocation.es\/en\/#\/schema\/logo\/image\/"}}]}},"_links":{"self":[{"href":"https:\/\/www.barcelona-relocation.es\/en\/wp-json\/wp\/v2\/pages\/530","targetHints":{"allow":["GET"]}}],"collection":[{"href":"https:\/\/www.barcelona-relocation.es\/en\/wp-json\/wp\/v2\/pages"}],"about":[{"href":"https:\/\/www.barcelona-relocation.es\/en\/wp-json\/wp\/v2\/types\/page"}],"author":[{"embeddable":true,"href":"https:\/\/www.barcelona-relocation.es\/en\/wp-json\/wp\/v2\/users\/1"}],"replies":[{"embeddable":true,"href":"https:\/\/www.barcelona-relocation.es\/en\/wp-json\/wp\/v2\/comments?post=530"}],"version-history":[{"count":1,"href":"https:\/\/www.barcelona-relocation.es\/en\/wp-json\/wp\/v2\/pages\/530\/revisions"}],"predecessor-version":[{"id":624,"href":"https:\/\/www.barcelona-relocation.es\/en\/wp-json\/wp\/v2\/pages\/530\/revisions\/624"}],"wp:attachment":[{"href":"https:\/\/www.barcelona-relocation.es\/en\/wp-json\/wp\/v2\/media?parent=530"}],"curies":[{"name":"wp","href":"https:\/\/api.w.org\/{rel}","templated":true}]}}